{"id":214,"date":"2017-11-19T19:29:17","date_gmt":"2017-11-19T19:29:17","guid":{"rendered":"http:\/\/previewhabitare-1288.de\/?page_id=214"},"modified":"2017-12-05T20:30:35","modified_gmt":"2017-12-05T20:30:35","slug":"waldeck","status":"publish","type":"page","link":"https:\/\/habitare-1288.de\/?page_id=214","title":{"rendered":"Waldeck"},"content":{"rendered":"<table border=\"0\" width=\"100%\" cellspacing=\"0\" cellpadding=\"5\">\n<tbody>\n<tr>\n<td>\n<div align=\"center\"><img loading=\"lazy\" decoding=\"async\" src=\"http:\/\/habitare-1288.de\/wp-content\/uploads\/2017\/11\/wsb_108x126_waldeck_klein.png\" alt=\"\" width=\"108\" height=\"126\" \/><\/div>\n<div align=\"center\"><\/div>\n<p style=\"text-align: center;\"><strong><span style=\"color: red;\">Graf Otto I. von Waldeck<br \/>\n<\/span><\/strong><\/p>\n<p>geboren: 1255,\u00a0 gestorben: 11.11.1305<br \/>\nRegentschaft: Graf von Waldeck\u00a0 1273\/1276 bis 1305<\/td>\n<td>\n<div align=\"center\"><img loading=\"lazy\" decoding=\"async\" src=\"http:\/\/habitare-1288.de\/wp-content\/uploads\/2017\/11\/cache_14280353-200x300.jpg\" alt=\"\" width=\"200\" height=\"300\" \/><\/div>\n<p style=\"text-align: center;\"><strong><br \/>\nMarkus Clemens<br \/>\n<\/strong><\/p>\n<\/td>\n<\/tr>\n<\/tbody>\n<\/table>\n<p>Vater:\u00a0\u00a0 \u00a0 Heinrich III. von Waldeck<br \/>\nMutter:\u00a0 Mechthild von Cuyk-Arnsberg, einer Tochter des<br \/>\nGrafen Gottfried III. von Arnsberg.<\/p>\n<p>Ehefrau: ca. 1275 erfolgte die Eheschlie\u00dfung mit Sophie (1264-1331),<br \/>\nder Tochter des Landgrafen Heinrich I. (Hessen), der ein<br \/>\nCousin des Herzogs Johann I. von Brabant war.<\/p>\n<div class=\"n module-type-text diyfeLiveArea \">\n<p>Ottos \u00e4ltester Bruder war Adolf II. von Waldeck, welcher zun\u00e4chst die Nachfolge des Gro\u00dfvaters Adolf I. als Regent der Grafschaft Waldeck antrat. Adolf dankte dann aber ab um in den geistlichen Stand einzutreten und wurde 1301 zum Bischof von L\u00fcttich ernannt. Der zweite Bruder Ottos war Gottfried, der sp\u00e4tere Bischof von Minden. Die Br\u00fcder hatten bez\u00fcglich der Nachfolge des Gro\u00dfvaters eine Abmachung getroffen, die besagte, dass derjenige Graf von Waldeck werden solle, der Sophie von Hessen, Tochter des Landgrafen Heinrich I. von Hessen, heiraten w\u00fcrde. Diese Bedingung wurde schlie\u00dflich vom j\u00fcngsten der drei Br\u00fcder erf\u00fcllt; die Heirat fand wohl 1275 statt. Somit folgte Otto seinem zum Kleriker gewordenen Bruder Adolf als regierender Graf von Waldeck nach.<\/p>\n<p>Otto schloss sich 1276 einem westf\u00e4lischen Landfriedensb\u00fcndnis an, setzte aber auch die Expansionspolitik seines Gro\u00dfvaters in Richtung Westen fort. Dies richtete sich vor allem gegen das Herzogtum Westfalen, das im Besitz der K\u00f6lner Erzbisch\u00f6fe war.<br \/>\nIm Jahr 1288, w\u00e4hrend des Limburger Erbfolgestreits, nahm er mit seinen Rittern auf Seiten der Feinde von Erzbischof Siegfried von Westerburg und damit auf der Seite des Herzogs Johann I. von Brabant an der Schlacht bei Worringen teil, die mit dem entscheidenden Sieg Herzog Johanns das Ende des Expansionsstrebens der K\u00f6lner Erzbisch\u00f6fe bedeutete. Im Zuge dieses Krieges lie\u00df Otto die Kurk\u00f6lnische Stadt Hallenberg zerst\u00f6ren. Nach der gewonnenen Schlacht bei Worringen erhielt er die Stadt Volkmarsen und die H\u00e4lfte der Kugelsburg.<\/p>\n<p>Auch die Burg Canstein wurde, durch Kauf, waldeckisch. Ganz oder teilweise kamen die Gerichte Medebach, Brilon, Flechtdorf, Marsberg und Mederich hinzu. Die Burg Nordenau erwarb Otto am 14. Februar 1298 von den Grafschafter Edelherren Kraft und Widekind von Grafschaft und bedrohte damit die Stadt Winterberg. Um das Gebiet um Korbach abzurunden, erwarb er Lehen an der oberen Ruhr, im Assinghauser Grund und im Nuhnetal. Er gr\u00fcndete 1290 die Stadt Landau.<\/p>\n<p>Otto verglich sich 1297 mit dem Abt von Corvey im Streit um die St\u00e4dte Sachsenberg und F\u00fcrstenberg. Ein Jahr sp\u00e4ter fiel ihm von Corvey das Amt M\u00fcnden als Pfand zu. Andererseits verzichtete er im selben Jahr gegen\u00fcber dem Bischof von Paderborn auf die Rechte an der Stadt Blankenrode und die zugeh\u00f6rige Mark. Er war F\u00f6rderer der Kl\u00f6ster Berich und Bredelar.<\/p>\n<p>Im November 1305 kam es zu einer Fehde im Eichsfeld, wo die Herren von Strive und Adelebsen die Stadt Heiligenhaus bedr\u00e4ngten. Otto, der seit 1303 auch Oberamtmann des Eichsfeldes im Dienste der Erzbisch\u00f6fe von Mainz war, sollte Heiligenstadt beistehen. Er wurde aber gefangen genommen, eingekerkert und ermordet.<\/p>\n<p>Er wurde in der Grabkapelle St. Nikolaus im Kloster Marienthal in Netze beigesetzt. Die Grabplatte besteht aus Sandstein und zeigt Otto als Ritter mit Schwert und Schild. Dieser tr\u00e4gt den achtstrahligen Waldecker Stern. Die M\u00f6rder Ottos wurden mit der Acht belegt und mussten zur S\u00fchne 1312 zu Ottos Grab nach Netze ziehen. Bischof Dietrich von Paderborn gew\u00e4hrte einen Ablass von 40 Tagen f\u00fcr alle, die zum Grab Ottos pilgerten.<\/p>\n<p><img loading=\"lazy\" decoding=\"async\" class=\"alignnone size-full wp-image-219\" src=\"http:\/\/habitare-1288.de\/wp-content\/uploads\/2017\/11\/Waldeck00008.jpg\" alt=\"\" width=\"88\" height=\"142\" \/>\u00a0\u00a0\u00a0\u00a0\u00a0\u00a0\u00a0 <img loading=\"lazy\" decoding=\"async\" class=\"size-full wp-image-220 alignnone\" src=\"http:\/\/habitare-1288.de\/wp-content\/uploads\/2017\/11\/Waldeck00009.jpg\" alt=\"\" width=\"219\" height=\"142\" \/>\u00a0\u00a0\u00a0\u00a0\u00a0\u00a0 <img loading=\"lazy\" decoding=\"async\" class=\"size-full wp-image-221 alignnone\" src=\"http:\/\/habitare-1288.de\/wp-content\/uploads\/2017\/11\/Waldeck00010.jpg\" alt=\"\" width=\"189\" height=\"142\" \/><\/p>\n<\/div>\n<div class=\"n module-type-text diyfeLiveArea \">\n<p>Sophie und Otto hatten gemeinsam neun Kinder:<\/p>\n<p>\u2022 Heinrich, der \u00e4lteste Sohn, wurde Nachfolger seines Vaters<br \/>\n\u2022 Adolf (III.) wurde Domherr in Hildesheim<br \/>\n\u2022 Gottfried wurde Domherr in Mainz<br \/>\n\u2022 Eberhard wurde Domherr in Minden<br \/>\n\u2022 Ludwig wurde Domherr in M\u00fcnster<br \/>\n\u2022 Mechthild heiratete Eberhard III. von Breuberg<br \/>\n\u2022 Elisabeth heiratete Graf Heinrich IV. von Hohenstein<br \/>\n\u2022 Adelheid heiratete Wilhelm I. von Katzenelnbogen<br \/>\n\u2022 Otto, der j\u00fcngste Sohn starb 1323<\/p>\n<p><strong>Schloss Waldeck<\/strong><br \/>\nDas Schloss Waldeck steht im Nordteil des Naturparks Kellerwald-Edersee oberhalb vom Nordufer des Edersees am Westrand der Waldecker Kernstadt. Es befindet sich auf einem steilen, felsigen und an seinen H\u00e4ngen bewaldeten Berg und ist vom Ortszentrum kommend auf einer Stra\u00dfe zu erreichen.<\/p>\n<p>Die H\u00f6henburg wurde im Jahre 1120 erstmals urkundlich erw\u00e4hnt. Nachdem Graf Widekind I. von Schwalenberg Lutrud von Itter und sein Sohn Volkwin Luitgard, eine Tochter des Grafen Poppo I. von Ziegenhain, geheiratet hatten, kam die Burg in den Besitz der Schwalenberger. Ab 1180 nannte sich ein Zweig dieses Hauses nach der Burg. Bis 1655 war die Burg, im Laufe der Zeit vielfach erneuert und schlossartig umgebaut, Residenz der Grafen von Waldeck, danach zogen sie nach Arolsen um. Die Anlage diente danach unterschiedlichen Zwecken. Zun\u00e4chst war sie Festung und Sitz eines Schlosskommandanten, dann Kaserne. Von 1734 bis 1868 Zuchthaus und Frauengef\u00e4ngnis. Seit 1920 geh\u00f6rt sie der Waldeckischen Domanialverwaltung und ist \u00f6ffentliches Verm\u00f6gen.<\/p>\n<p><img loading=\"lazy\" decoding=\"async\" class=\"alignnone size-medium wp-image-222\" src=\"http:\/\/habitare-1288.de\/wp-content\/uploads\/2017\/11\/wsb_312x211_Waldeck00012-300x203.jpg\" alt=\"\" width=\"300\" height=\"203\" srcset=\"https:\/\/habitare-1288.de\/wp-content\/uploads\/2017\/11\/wsb_312x211_Waldeck00012-300x203.jpg 300w, https:\/\/habitare-1288.de\/wp-content\/uploads\/2017\/11\/wsb_312x211_Waldeck00012.jpg 312w\" sizes=\"auto, (max-width: 300px) 85vw, 300px\" \/> \u00a0 \u00a0 \u00a0\u00a0 \u00a0 \u00a0 \u00a0 <img loading=\"lazy\" decoding=\"async\" class=\"size-medium wp-image-223 alignnone\" src=\"http:\/\/habitare-1288.de\/wp-content\/uploads\/2017\/11\/wsb_327x208_Waldeck00011-300x191.jpg\" alt=\"\" width=\"300\" height=\"191\" srcset=\"https:\/\/habitare-1288.de\/wp-content\/uploads\/2017\/11\/wsb_327x208_Waldeck00011-300x191.jpg 300w, https:\/\/habitare-1288.de\/wp-content\/uploads\/2017\/11\/wsb_327x208_Waldeck00011.jpg 327w\" sizes=\"auto, (max-width: 300px) 85vw, 300px\" \/><\/p>\n<\/div>\n<div class=\"n module-type-text diyfeLiveArea \">\n<p>Heute befinden sich in der Burganlage ein Museum sowie ein Hotel und Restaurant. Das Museum zeigt in der Ausstellung \u201eHinter Schloss und Riegel\u201c vorwiegend Exponate aus der Zeitepoche des Frauengef\u00e4ngnisses sowie des Zuchthauses im 18. und 19. Jahrhundert.<\/p>\n<p>Von der Burg aus ist ein weiter Ausblick auf den Edersee bis zur Staumauer sowie in den Kellerwald m\u00f6glich. Die Gondelbahn Waldecker Bergbahn verbindet das Schloss und die unterhalb liegenden Ausflugsziele am Edersee.<\/p>\n<\/div>\n<div class=\"n module-type-text diyfeLiveArea \"><\/div>\n<p>&nbsp;<\/p>\n<p>&nbsp;<\/p>\n<p>&nbsp;<\/p>\n","protected":false},"excerpt":{"rendered":"<p>Graf Otto I. von Waldeck geboren: 1255,\u00a0 gestorben: 11.11.1305 Regentschaft: Graf von Waldeck\u00a0 1273\/1276 bis 1305 Markus Clemens Vater:\u00a0\u00a0 \u00a0 Heinrich III. von Waldeck Mutter:\u00a0 Mechthild von Cuyk-Arnsberg, einer Tochter des Grafen Gottfried III. von Arnsberg. Ehefrau: ca. 1275 erfolgte die Eheschlie\u00dfung mit Sophie (1264-1331), der Tochter des Landgrafen Heinrich I. (Hessen), der ein Cousin &hellip; <a href=\"https:\/\/habitare-1288.de\/?page_id=214\" class=\"more-link\"><span class=\"screen-reader-text\">\u201eWaldeck\u201c<\/span> weiterlesen<\/a><\/p>\n","protected":false},"author":1,"featured_media":0,"parent":0,"menu_order":0,"comment_status":"closed","ping_status":"closed","template":"","meta":{"footnotes":""},"class_list":["post-214","page","type-page","status-publish","hentry"],"_links":{"self":[{"href":"https:\/\/habitare-1288.de\/index.php?rest_route=\/wp\/v2\/pages\/214","targetHints":{"allow":["GET"]}}],"collection":[{"href":"https:\/\/habitare-1288.de\/index.php?rest_route=\/wp\/v2\/pages"}],"about":[{"href":"https:\/\/habitare-1288.de\/index.php?rest_route=\/wp\/v2\/types\/page"}],"author":[{"embeddable":true,"href":"https:\/\/habitare-1288.de\/index.php?rest_route=\/wp\/v2\/users\/1"}],"replies":[{"embeddable":true,"href":"https:\/\/habitare-1288.de\/index.php?rest_route=%2Fwp%2Fv2%2Fcomments&post=214"}],"version-history":[{"count":5,"href":"https:\/\/habitare-1288.de\/index.php?rest_route=\/wp\/v2\/pages\/214\/revisions"}],"predecessor-version":[{"id":284,"href":"https:\/\/habitare-1288.de\/index.php?rest_route=\/wp\/v2\/pages\/214\/revisions\/284"}],"wp:attachment":[{"href":"https:\/\/habitare-1288.de\/index.php?rest_route=%2Fwp%2Fv2%2Fmedia&parent=214"}],"curies":[{"name":"wp","href":"https:\/\/api.w.org\/{rel}","templated":true}]}}