{"id":34,"date":"2017-11-15T19:42:36","date_gmt":"2017-11-15T19:42:36","guid":{"rendered":"http:\/\/previewhabitare-1288.de\/?page_id=34"},"modified":"2017-12-05T20:24:15","modified_gmt":"2017-12-05T20:24:15","slug":"wappen-personen","status":"publish","type":"page","link":"https:\/\/habitare-1288.de\/?page_id=34","title":{"rendered":"Brabant-Flandern"},"content":{"rendered":"<div class=\"n module-type-matrix diyfeLiveArea \">\n<div class=\"diyfeModGridGroup diyfeModGrid3\">\n<div class=\"diyfeModGridElement diyfeModGridCol33\">\n<div class=\"diyfeModGridContent\">\n<div id=\"matrix_978624\" class=\"sortable-matrix-child\" data-matrixid=\"978624\">\n<div class=\"n module-type-imageSubtitle diyfeLiveArea \">\n<div id=\"imageSubtitle-10489687\" class=\"clearover imageSubtitle\">\n<div class=\"align-container align-center\"><a class=\"imagewrapper\" href=\"http:\/\/www.habitare-1288.de\/s\/cc_images\/teaserbox_12176278.png?t=1485285413\" rel=\"lightbox[10489687]\">\u00a0<\/a><\/div>\n<table border=\"0\" width=\"100%\" cellspacing=\"0\" cellpadding=\"5\">\n<tbody>\n<tr>\n<td>\n<div align=\"center\"><img loading=\"lazy\" decoding=\"async\" src=\"http:\/\/habitare-1288.de\/wp-content\/uploads\/2017\/11\/wsb_115x126_Brabant_klein.png\" alt=\"\" width=\"115\" height=\"126\" \/><\/div>\n<div align=\"center\"><\/div>\n<div align=\"center\">\n<p><strong><span style=\"color: red;\">Herzog Johann I. von Brabant<br \/>\n1253 &#8211; 03.05.1294<\/span><\/strong><\/p>\n<\/div>\n<\/td>\n<td>\n<div align=\"center\"><img loading=\"lazy\" decoding=\"async\" src=\"http:\/\/habitare-1288.de\/wp-content\/uploads\/2017\/11\/100_3475-225x300.jpg\" alt=\"\" width=\"225\" height=\"300\" \/><\/div>\n<p>&nbsp;<\/p>\n<p style=\"text-align: center;\"><strong>Inge Holzapfel und Frank Gundel<\/strong><\/p>\n<\/td>\n<td>\n<div align=\"center\"><img loading=\"lazy\" decoding=\"async\" src=\"http:\/\/habitare-1288.de\/wp-content\/uploads\/2017\/11\/wsb_108x126_Flandern_klein.png\" alt=\"\" width=\"108\" height=\"126\" \/><\/div>\n<div align=\"center\"><\/div>\n<div align=\"center\">\n<p><strong><span style=\"color: red;\">Margarethe von Flandern Dampier<br \/>\n1251 &#8211; 1285<\/span><\/strong><\/p>\n<\/div>\n<\/td>\n<\/tr>\n<\/tbody>\n<\/table>\n<\/div>\n<\/div>\n<h5><strong><span style=\"color: red;\">Herzog Johann I. von Brabant<\/span><\/strong><\/h5>\n<div class=\"n module-type-text diyfeLiveArea \">\n<p>Johann I. wurde 1253 als zweiter Sohn des Herzogs Heinrich III. und der Adelheid von Burgund geboren. Nach dem Tod des Vaters Heinrich III. 1261 waren er und seine Geschwister Heinrich, Gottfried und Maria noch minderj\u00e4hrig. Deshalb \u00fcbernahm die Mutter die Regentschaft f\u00fcr ihren erstgeborenen Sohn Heinrich IV.<\/p>\n<p>Die umstrittene Regentschaft der Mutter brachte das Herzogtum Brabant an den Rand des B\u00fcrgerkrieges, so dass sie beschloss den Titel des Herzogs auf ihren Sohn zu \u00fcbertragen. Da Heinrich IV., der das Anrecht auf den Titel des Herzogs gehabt h\u00e4tte, unter k\u00f6rperlichen und geistigen Gebrechen litt, verzichtete dieser 1267 in einer Versammlung zu Cortenberge zu Gunsten seines Bruders Johann auf die Regentschaft.<br \/>\nJohann der I. \u00fcbernahm mit ca. 15 Jahren die Verantwortung f\u00fcr sein Herzogtum, das zu dieser Zeit in schlechter Verfassung war und erf\u00fcllte seine Aufgaben sehr erfolgreich. Denn er war, seit er die Brust seiner Amme verlassen hatte, zum K\u00e4mpfer mit Helm und Schild und nicht wie andere Kinder zum Spielen mit dem Kreisel angehalten worden.<br \/>\n1270 heiratete er Margarethe, eine Tochter von K\u00f6nig Ludwig IX. von Frankreich, die jedoch nur ein Jahr sp\u00e4ter im Kindbett verstarb. 1273 heiratete er Margarethe von Flandern-Dampiere, eine Tochter des Grafen Guido I. von Dampiere Graf zu Flandern Marktgraf von Namur.<br \/>\nHerzog Johann I. galt als eine schillernde Pers\u00f6nlichkeit des ausgehenden 13. Jahrhunderts, er verfasste Minnelieder (9 Minnelieder in der gro\u00dfen Manessischen Handschrift) und galt den nachfolgenden Generationen als Muster h\u00f6fischen Rittertums. Er pflegte engste Beziehungen zum franz\u00f6sischen Hof und zog 1275\/76 und 1284\/1285 mit seinem Schwager Phillip III. von Frankreich gegen Aragon. Er war jahrelang Mitregent in Holland und gab letztlich seine Hoheitsanspr\u00fcche \u00fcber S\u00fcdholland auf, um Hollands Hilfe im Limburger Erbfolgekrieg zu gewinnen.<\/p>\n<p><img loading=\"lazy\" decoding=\"async\" class=\"alignnone size-full wp-image-103\" src=\"http:\/\/habitare-1288.de\/wp-content\/uploads\/2017\/11\/wsb_199x290_Brabant00004.jpg\" alt=\"\" width=\"199\" height=\"290\" \/><\/p>\n<\/div>\n<\/div>\n<\/div>\n<\/div>\n<div class=\"diyfeModGridElement diyfeModGridCol33\">\n<div class=\"diyfeModGridContent\">\n<div id=\"matrix_978626\" class=\"sortable-matrix-child\" data-matrixid=\"978626\">\n<div class=\"n module-type-text diyfeLiveArea \">\n<p>Er verb\u00fcndete sich auch mit Kleve, Berg, Altena-Mark und der Stadt K\u00f6ln gegen den Erzbischof Siegfried von Westerburg. In der siegreichen Schlacht am 5. Juni 1288 bei Worringen stellte er das Hauptkontingent im Zentrum mit etwa 1500 Panzerreitern. Durch diesen Sieg sicherte er sich die Schirmvogtei \u00fcber das Bistum L\u00fcttich und gewann das Herzogtum Limburg. 1292 wurde er durch K\u00f6nig Adolf von Nassau Reichspfleger am Niederrhein und errang damit die volle Unabh\u00e4ngigkeit vom Deutschen Reich, womit er den H\u00f6hepunkt seines Hauses manifestierte.<\/p>\n<p>Am 3. Mai 1294 wurde Johann I. im Alter von nur 42 Jahren in einem Turnier bei Bar-Le-Duc t\u00f6dlich verletzt und anschlie\u00dfend in der Klosterkirche des Franziskaner-Bettelordens zu Br\u00fcssel beigesetzt.<\/p>\n<h5><strong><span style=\"color: red;\">Margarethe von Flandern Dampier<\/span><\/strong><\/h5>\n<p>Margarete wurde 1251 als Tochter des m\u00e4chtigen Graf von Flandern \u201eGuido I de Dampiere\u201c und seiner ersten Ehefrau Mathildis Bethune-Dendermonde geboren.<\/p>\n<p>1273 wurde Margaret die zweite Ehefrau von Johann I. von Brabant dessen erste Frau Margarit de France ein Jahr zuvor im Kindbett gestorben war. Sie gebar ihm 4 Kinder, der erstgeborene Sohn Gottfried starb im Kindesalter von nur 10 Jahren. Margarete \u00fcberlebte diesen Schicksalsschlag nicht lange und starb 1285 bereits vor der Schlacht von Worringen, die Ihren Gemahl Johann I. von Brabant (der Siegreiche) Ruhm und Ehre brachte.<\/p>\n<ul>\n<li>Gottfried 1273\/74 bis 13.9.1283<\/li>\n<li>Johann II der Friedfertige 27.9.1275 bis 27.10.1312<\/li>\n<li>Margarete 04.10.1276 bis 14.12.1311<\/li>\n<li>Maria 1278 bis 02.11.1313<\/li>\n<\/ul>\n<p>Der j\u00fcngere Sohn Johann II. genannt der Friedfertige trat nach dem Tod seines Vaters\u00a0 die Herrschaft \u00fcber das Herzogtum Brabant an. Er heiratete 1290 Margarete von England. Die Tochter Margarete heiratete nach der ber\u00fchmten Schlacht von Worringen den Grafen Heinrich von Luxembourg. Die j\u00fcngste Tochter Maria von Brabant verm\u00e4hlte sich mit Amadeus von Avoyen.<\/p>\n<p>Haus von Flandern 1194-1251<\/p>\n<ul>\n<li>1194-1205 Balduin IX. (Vater von Johanna und Margarete)<\/li>\n<li>1205-1244 Johanna I.\u00a0 (Schwester von Margarete II.)<\/li>\n<li>1244-1278 Margarete II. (Mutter von Guido)<\/li>\n<li>1246-1251 Wilhelm (Bruder von Guido)<\/li>\n<\/ul>\n<p>Haus Dampierre 1278-1322<\/p>\n<ul>\n<li>1278-1305 Guido (Guy) I. von Dampierre<\/li>\n<\/ul>\n<ul>\n<li>(Vater von Margarete)<\/li>\n<li>1305-1322 Robert III. Bethune (Bruder von Margarete)<\/li>\n<\/ul>\n<p>&nbsp;<\/p>\n<p>Burg Gravensteen<br \/>\nDer Sitz der Grafen von Flandern war die Burg \u201eGravensteen\u201c in Gent (Belgien) die auch heute noch sehr sch\u00f6n erhalten ist. Sie wird noch teilweise durch den mittelalterlichen Burggraben umgeben. Die Burg \u00fcberragt am linken Leieufer das Zentrum der Stadt. Sie liegt am Zusammenfluss der Fl\u00fcsse Lieve und Leie und geh\u00f6rt zu mit zu den gr\u00f6\u00dften Wasserburgen Europas.<\/p>\n<p><img loading=\"lazy\" decoding=\"async\" class=\"alignnone size-medium wp-image-104\" src=\"http:\/\/previewhabitare-1288.de\/wp-content\/uploads\/2017\/11\/FlandernburgGravensteen-300x185.jpg\" alt=\"\" width=\"300\" height=\"185\" srcset=\"https:\/\/habitare-1288.de\/wp-content\/uploads\/2017\/11\/FlandernburgGravensteen-300x185.jpg 300w, https:\/\/habitare-1288.de\/wp-content\/uploads\/2017\/11\/FlandernburgGravensteen.jpg 458w\" sizes=\"auto, (max-width: 300px) 85vw, 300px\" \/><\/p>\n<\/div>\n<div><\/div>\n<\/div>\n<div>\n<div class=\"n module-type-text diyfeLiveArea \">\n<p>Die erste Burg soll zur Zeit Karl des Grossen errichtet worden sein, vielleicht von Balduin I. genannt \u201eEisenarm\u201c um 807. Die erste Anlage auf dem Platz der heutigen Burg war noch aus Holz und stammte wahrscheinlich von den Wikingern schon um 1000 errichtete man einen steinernen Saalbau. Eine erste Ringmauer komplettierte die Burg. 1128 kam es zur ersten ernsthaften Belagerung durch Anh\u00e4nger des Dietrich von Elsass. Dabei wurde die Burg zerst\u00f6rt.<br \/>\nAuf ihren Resten lie\u00df Philipp von Elsass der\u00a0 damalige Graf von Flandern, von 1180 bis 1200 den Gravensteen erbauen. Er vergr\u00f6\u00dferte die Burganlage, um die Genter besser kontrollieren zu k\u00f6nnen. Ein Ringgraben wurde ebenfalls angelegt. Der Aushub wurde um den alten Saalbau aufgesch\u00fcttet, so dass eine Motte entstand. Auf den Mauern des Saalbaues, der nun als Keller dienen sollte, wurde ein 30m hoher Donjon errichtet. Die B\u00fcrger hatten mittlerweile wehrhafte T\u00fcrme in der Stadt errichtet. Aus dieser Zeit stammen auch die Fenster des Kastellans und die kreuzf\u00f6rmige \u00d6ffnung \u00fcber dem Haupttor. Hier tagten fortan die Gerichtsh\u00f6fe. Zwischen dem 13. Jahrhundert und dem 14. Jahrhundert wurde die Burg restauriert. Der ovale Burghof erhielt eine Ringmauer mit 24 vorspringenden, zweist\u00f6ckigen T\u00fcrmchen. Getrennt vom Donjon und innerhalb der Ringmauer lagen die Geb\u00e4ude des Grafen sowie alle wichtigen Wirtschaftsr\u00e4umlichkeiten. Ab dem 12. Jahrhundert wuchs Gent so enorm, das es nun die Burg umschlie\u00dft.<\/p>\n<p>&nbsp;<\/p>\n<\/div>\n<\/div>\n<\/div>\n<\/div>\n<\/div>\n<\/div>\n<div class=\"n module-type-text diyfeLiveArea \">\n<p>&nbsp;<\/p>\n<\/div>\n","protected":false},"excerpt":{"rendered":"<p>\u00a0 Herzog Johann I. von Brabant 1253 &#8211; 03.05.1294 &nbsp; Inge Holzapfel und Frank Gundel Margarethe von Flandern Dampier 1251 &#8211; 1285 Herzog Johann I. von Brabant Johann I. wurde 1253 als zweiter Sohn des Herzogs Heinrich III. und der Adelheid von Burgund geboren. Nach dem Tod des Vaters Heinrich III. 1261 waren er und &hellip; <a href=\"https:\/\/habitare-1288.de\/?page_id=34\" class=\"more-link\"><span class=\"screen-reader-text\">\u201eBrabant-Flandern\u201c<\/span> weiterlesen<\/a><\/p>\n","protected":false},"author":1,"featured_media":0,"parent":0,"menu_order":0,"comment_status":"closed","ping_status":"closed","template":"","meta":{"footnotes":""},"class_list":["post-34","page","type-page","status-publish","hentry"],"_links":{"self":[{"href":"https:\/\/habitare-1288.de\/index.php?rest_route=\/wp\/v2\/pages\/34","targetHints":{"allow":["GET"]}}],"collection":[{"href":"https:\/\/habitare-1288.de\/index.php?rest_route=\/wp\/v2\/pages"}],"about":[{"href":"https:\/\/habitare-1288.de\/index.php?rest_route=\/wp\/v2\/types\/page"}],"author":[{"embeddable":true,"href":"https:\/\/habitare-1288.de\/index.php?rest_route=\/wp\/v2\/users\/1"}],"replies":[{"embeddable":true,"href":"https:\/\/habitare-1288.de\/index.php?rest_route=%2Fwp%2Fv2%2Fcomments&post=34"}],"version-history":[{"count":7,"href":"https:\/\/habitare-1288.de\/index.php?rest_route=\/wp\/v2\/pages\/34\/revisions"}],"predecessor-version":[{"id":276,"href":"https:\/\/habitare-1288.de\/index.php?rest_route=\/wp\/v2\/pages\/34\/revisions\/276"}],"wp:attachment":[{"href":"https:\/\/habitare-1288.de\/index.php?rest_route=%2Fwp%2Fv2%2Fmedia&parent=34"}],"curies":[{"name":"wp","href":"https:\/\/api.w.org\/{rel}","templated":true}]}}